{"id":2504,"date":"2024-07-19T15:50:07","date_gmt":"2024-07-19T13:50:07","guid":{"rendered":"https:\/\/javiertelopinta.com\/about-me\/"},"modified":"2025-05-05T14:25:13","modified_gmt":"2025-05-05T12:25:13","slug":"about-me","status":"publish","type":"page","link":"https:\/\/javiertelopinta.com\/en\/about-me\/","title":{"rendered":"ABOUT ME"},"content":{"rendered":"\t\t<div data-elementor-type=\"wp-post\" data-elementor-id=\"2504\" class=\"elementor elementor-2504 elementor-8\" data-elementor-post-type=\"page\">\n\t\t\t\t<div class=\"elementor-element elementor-element-8a91b8a e-flex e-con-boxed e-con e-parent\" data-id=\"8a91b8a\" data-element_type=\"container\" data-settings=\"{&quot;background_background&quot;:&quot;classic&quot;}\">\n\t\t\t\t\t<div class=\"e-con-inner\">\n\t\t<div class=\"elementor-element elementor-element-fd7271b e-con-full e-flex e-con e-child\" data-id=\"fd7271b\" data-element_type=\"container\" data-settings=\"{&quot;background_background&quot;:&quot;classic&quot;}\">\n\t\t\t\t<div class=\"elementor-element elementor-element-7d5c360 elementor-widget__width-initial elementor-widget elementor-widget-heading\" data-id=\"7d5c360\" data-element_type=\"widget\" data-widget_type=\"heading.default\">\n\t\t\t\t<div class=\"elementor-widget-container\">\n\t\t\t\t\t<h1 class=\"elementor-heading-title elementor-size-default\">About Me<\/h1>\t\t\t\t<\/div>\n\t\t\t\t<\/div>\n\t\t\t\t<div class=\"elementor-element elementor-element-7b3e77f elementor-widget elementor-widget-heading\" data-id=\"7b3e77f\" data-element_type=\"widget\" data-widget_type=\"heading.default\">\n\t\t\t\t<div class=\"elementor-widget-container\">\n\t\t\t\t\t<h3 class=\"elementor-heading-title elementor-size-default\">I am Javier,<\/h3>\t\t\t\t<\/div>\n\t\t\t\t<\/div>\n\t\t\t\t<div class=\"elementor-element elementor-element-db1ed9b elementor-widget elementor-widget-text-editor\" data-id=\"db1ed9b\" data-element_type=\"widget\" data-widget_type=\"text-editor.default\">\n\t\t\t\t<div class=\"elementor-widget-container\">\n\t\t\t\t\t\t\t\t\t<p>I have stained many walls, since I started painting them in the late nineties, when I was 12 or 13 years old. Some years later, I began a degree in Fine Arts at the Complutense University of Madrid, and obtained different scholarships to study at the Universities of Granada, Utrecht and Oxford. Back in Madrid, I obtained a Master&#8217;s Degree in Research in Art and Creation.  <\/p>\t\t\t\t\t\t\t\t<\/div>\n\t\t\t\t<\/div>\n\t\t\t\t<div class=\"elementor-element elementor-element-f38bddf e-grid-align-left elementor-shape-rounded elementor-grid-0 elementor-widget elementor-widget-social-icons\" data-id=\"f38bddf\" data-element_type=\"widget\" data-widget_type=\"social-icons.default\">\n\t\t\t\t<div class=\"elementor-widget-container\">\n\t\t\t\t\t\t\t<div class=\"elementor-social-icons-wrapper elementor-grid\">\n\t\t\t\t\t\t\t<span class=\"elementor-grid-item\">\n\t\t\t\t\t<a class=\"elementor-icon elementor-social-icon elementor-social-icon-instagram elementor-repeater-item-a1fbf10\" href=\"#\" target=\"_blank\">\n\t\t\t\t\t\t<span class=\"elementor-screen-only\">Instagram<\/span>\n\t\t\t\t\t\t<i aria-hidden=\"true\" class=\"fab fa-instagram\"><\/i>\t\t\t\t\t<\/a>\n\t\t\t\t<\/span>\n\t\t\t\t\t<\/div>\n\t\t\t\t\t\t<\/div>\n\t\t\t\t<\/div>\n\t\t\t\t<\/div>\n\t\t\t\t\t<\/div>\n\t\t\t\t<\/div>\n\t\t<div class=\"elementor-element elementor-element-5e5b1dc e-flex e-con-boxed e-con e-parent\" data-id=\"5e5b1dc\" data-element_type=\"container\">\n\t\t\t\t\t<div class=\"e-con-inner\">\n\t\t<div class=\"elementor-element elementor-element-7387885 e-con-full e-flex e-con e-child\" data-id=\"7387885\" data-element_type=\"container\">\n\t\t<div class=\"elementor-element elementor-element-14934c7 e-flex e-con-boxed e-con e-child\" data-id=\"14934c7\" data-element_type=\"container\">\n\t\t\t\t\t<div class=\"e-con-inner\">\n\t\t<div class=\"elementor-element elementor-element-79773a3 e-con-full e-flex e-con e-child\" data-id=\"79773a3\" data-element_type=\"container\">\n\t\t\t\t<div class=\"elementor-element elementor-element-9fc08de elementor-widget elementor-widget-heading\" data-id=\"9fc08de\" data-element_type=\"widget\" data-widget_type=\"heading.default\">\n\t\t\t\t<div class=\"elementor-widget-container\">\n\t\t\t\t\t<h3 class=\"elementor-heading-title elementor-size-default\">Hi, I'm Javier! <br>Mural painter, Graffiti artist...<\/h3>\t\t\t\t<\/div>\n\t\t\t\t<\/div>\n\t\t\t\t<div class=\"elementor-element elementor-element-96effce elementor-widget elementor-widget-heading\" data-id=\"96effce\" data-element_type=\"widget\" data-widget_type=\"heading.default\">\n\t\t\t\t<div class=\"elementor-widget-container\">\n\t\t\t\t\t<h5 class=\"elementor-heading-title elementor-size-default\">Follow me at<\/h5>\t\t\t\t<\/div>\n\t\t\t\t<\/div>\n\t\t\t\t<div class=\"elementor-element elementor-element-4261d29 e-grid-align-left elementor-shape-rounded elementor-grid-0 elementor-widget elementor-widget-social-icons\" data-id=\"4261d29\" data-element_type=\"widget\" data-widget_type=\"social-icons.default\">\n\t\t\t\t<div class=\"elementor-widget-container\">\n\t\t\t\t\t\t\t<div class=\"elementor-social-icons-wrapper elementor-grid\">\n\t\t\t\t\t\t\t<span class=\"elementor-grid-item\">\n\t\t\t\t\t<a class=\"elementor-icon elementor-social-icon elementor-social-icon-instagram elementor-repeater-item-77f9911\" target=\"_blank\">\n\t\t\t\t\t\t<span class=\"elementor-screen-only\">Instagram<\/span>\n\t\t\t\t\t\t<i aria-hidden=\"true\" class=\"fab fa-instagram\"><\/i>\t\t\t\t\t<\/a>\n\t\t\t\t<\/span>\n\t\t\t\t\t<\/div>\n\t\t\t\t\t\t<\/div>\n\t\t\t\t<\/div>\n\t\t\t\t<\/div>\n\t\t<div class=\"elementor-element elementor-element-aa79c84 e-con-full e-flex e-con e-child\" data-id=\"aa79c84\" data-element_type=\"container\">\n\t\t\t\t<div class=\"elementor-element elementor-element-14f3137 elementor-widget elementor-widget-text-editor\" data-id=\"14f3137\" data-element_type=\"widget\" data-widget_type=\"text-editor.default\">\n\t\t\t\t<div class=\"elementor-widget-container\">\n\t\t\t\t\t\t\t\t\t<p>I have stained many walls, since I started painting them in the late nineties, when I was 12 or 13 years old. Some years later, I began a degree in Fine Arts at the Complutense University of Madrid, and obtained different scholarships to study at the Universities of Granada, Utrecht and Oxford. Back in Madrid, I obtained a Master&#8217;s Degree in Research in Art and Creation.  <\/p><p>I combine mural painting with various activities in the contemporary art circuit and the living arts, having carried out projects in local spaces such as Matadero Madrid, La Casa Encendida, Centro de Arte 2 de Mayo, Teatro Pradillo, Sala de Arte Joven de la Comunidad de Madrid, CentroCentroCibeles, C Arte C, Museo Patio Herreriano or Museo de Am\u00e9rica, as well as in the galleries Jos\u00e9 Robles and Espacio M\u00ednimo. I have also participated in exhibition projects, laboratories and taught workshops in Chile, Peru, Bolivia, Guatemala, Holland, England, Switzerland and Germany. <\/p>\t\t\t\t\t\t\t\t<\/div>\n\t\t\t\t<\/div>\n\t\t\t\t<\/div>\n\t\t\t\t\t<\/div>\n\t\t\t\t<\/div>\n\t\t\t\t<\/div>\n\t\t\t\t\t<\/div>\n\t\t\t\t<\/div>\n\t\t<div class=\"elementor-element elementor-element-4617682 elementor-hidden-desktop elementor-hidden-tablet elementor-hidden-mobile e-flex e-con-boxed e-con e-parent\" data-id=\"4617682\" data-element_type=\"container\" data-settings=\"{&quot;background_background&quot;:&quot;classic&quot;}\">\n\t\t\t\t\t<div class=\"e-con-inner\">\n\t\t<div class=\"elementor-element elementor-element-72d9c1a e-con-full e-flex e-con e-child\" data-id=\"72d9c1a\" data-element_type=\"container\">\n\t\t\t\t<div class=\"elementor-element elementor-element-7bac6a9 elementor-widget elementor-widget-heading\" data-id=\"7bac6a9\" data-element_type=\"widget\" data-widget_type=\"heading.default\">\n\t\t\t\t<div class=\"elementor-widget-container\">\n\t\t\t\t\t<h3 class=\"elementor-heading-title elementor-size-default\">I'm talking about graffiti<\/h3>\t\t\t\t<\/div>\n\t\t\t\t<\/div>\n\t\t\t\t<div class=\"elementor-element elementor-element-4ae2048 elementor-widget elementor-widget-heading\" data-id=\"4ae2048\" data-element_type=\"widget\" data-widget_type=\"heading.default\">\n\t\t\t\t<div class=\"elementor-widget-container\">\n\t\t\t\t\t<h5 class=\"elementor-heading-title elementor-size-default\">My way of seeing...<\/h5>\t\t\t\t<\/div>\n\t\t\t\t<\/div>\n\t\t\t\t<div class=\"elementor-element elementor-element-98136f5 elementor-widget elementor-widget-text-editor\" data-id=\"98136f5\" data-element_type=\"widget\" data-widget_type=\"text-editor.default\">\n\t\t\t\t<div class=\"elementor-widget-container\">\n\t\t\t\t\t\t\t\t\t<p>Explanation of trends&#8230; or not&#8230;<\/p>\t\t\t\t\t\t\t\t<\/div>\n\t\t\t\t<\/div>\n\t\t<div class=\"elementor-element elementor-element-73503f4 e-flex e-con-boxed e-con e-child\" data-id=\"73503f4\" data-element_type=\"container\">\n\t\t\t\t\t<div class=\"e-con-inner\">\n\t\t<div class=\"elementor-element elementor-element-45baad5 e-con-full e-flex e-con e-child\" data-id=\"45baad5\" data-element_type=\"container\">\n\t\t\t\t<div class=\"elementor-element elementor-element-9198374 elementor-widget elementor-widget-image\" data-id=\"9198374\" data-element_type=\"widget\" data-widget_type=\"image.default\">\n\t\t\t\t<div class=\"elementor-widget-container\">\n\t\t\t\t\t\t\t\t\t\t\t\t\t\t\t<img decoding=\"async\" src=\"https:\/\/javiertelopinta.com\/wp-content\/uploads\/elementor\/thumbs\/p1070497-qrfpcpbrhsye0gziswt0cfd60qaj2srqq2ilkt6mcg.jpg\" title=\"p1070497\" alt=\"p1070497\" loading=\"lazy\" \/>\t\t\t\t\t\t\t\t\t\t\t\t\t\t\t<\/div>\n\t\t\t\t<\/div>\n\t\t\t\t<\/div>\n\t\t<div class=\"elementor-element elementor-element-105f098 e-con-full e-flex e-con e-child\" data-id=\"105f098\" data-element_type=\"container\">\n\t\t\t\t<div class=\"elementor-element elementor-element-f21e90e elementor-widget elementor-widget-image\" data-id=\"f21e90e\" data-element_type=\"widget\" data-widget_type=\"image.default\">\n\t\t\t\t<div class=\"elementor-widget-container\">\n\t\t\t\t\t\t\t\t\t\t\t\t\t\t\t<img decoding=\"async\" src=\"https:\/\/javiertelopinta.com\/wp-content\/uploads\/elementor\/thumbs\/p1070509-qrfpd68uwtljtgay244alb3gpnz4xcmwse9c7shj8g.jpg\" title=\"p1070509\" alt=\"p1070509\" loading=\"lazy\" \/>\t\t\t\t\t\t\t\t\t\t\t\t\t\t\t<\/div>\n\t\t\t\t<\/div>\n\t\t\t\t<\/div>\n\t\t<div class=\"elementor-element elementor-element-06aa71c e-con-full e-flex e-con e-child\" data-id=\"06aa71c\" data-element_type=\"container\">\n\t\t\t\t<div class=\"elementor-element elementor-element-126c512 elementor-widget elementor-widget-image\" data-id=\"126c512\" data-element_type=\"widget\" data-widget_type=\"image.default\">\n\t\t\t\t<div class=\"elementor-widget-container\">\n\t\t\t\t\t\t\t\t\t\t\t\t\t\t\t<img decoding=\"async\" src=\"https:\/\/javiertelopinta.com\/wp-content\/uploads\/elementor\/thumbs\/jimmy-web1-1-qrfpcb86naf36bk038plt0x93y80vc7ro4qbdnrixs.jpg\" title=\"jimmy-web1\" alt=\"jimmy-web1\" loading=\"lazy\" \/>\t\t\t\t\t\t\t\t\t\t\t\t\t\t\t<\/div>\n\t\t\t\t<\/div>\n\t\t\t\t<\/div>\n\t\t\t\t\t<\/div>\n\t\t\t\t<\/div>\n\t\t<div class=\"elementor-element elementor-element-e064407 e-flex e-con-boxed e-con e-child\" data-id=\"e064407\" data-element_type=\"container\">\n\t\t\t\t\t<div class=\"e-con-inner\">\n\t\t\t\t\t<\/div>\n\t\t\t\t<\/div>\n\t\t\t\t<\/div>\n\t\t\t\t\t<\/div>\n\t\t\t\t<\/div>\n\t\t\t\t<\/div>\n\t\t","protected":false},"excerpt":{"rendered":"<p>About Me I am Javier, I have stained many walls, since I started painting them in the late nineties, when I was 12 or 13 years old. Some years later, I began a degree in Fine Arts at the Complutense University of Madrid, and obtained different scholarships to study at the Universities of Granada, Utrecht [&hellip;]<\/p>\n","protected":false},"author":4,"featured_media":0,"parent":0,"menu_order":0,"comment_status":"closed","ping_status":"closed","template":"","meta":{"site-sidebar-layout":"no-sidebar","site-content-layout":"page-builder","ast-site-content-layout":"","site-content-style":"default","site-sidebar-style":"default","ast-global-header-display":"","ast-banner-title-visibility":"","ast-main-header-display":"","ast-hfb-above-header-display":"","ast-hfb-below-header-display":"","ast-hfb-mobile-header-display":"","site-post-title":"disabled","ast-breadcrumbs-content":"","ast-featured-img":"disabled","footer-sml-layout":"","theme-transparent-header-meta":"enabled","adv-header-id-meta":"","stick-header-meta":"","header-above-stick-meta":"","header-main-stick-meta":"","header-below-stick-meta":"","astra-migrate-meta-layouts":"default","ast-page-background-enabled":"default","ast-page-background-meta":{"desktop":{"background-color":"","background-image":"","background-repeat":"repeat","background-position":"center center","background-size":"auto","background-attachment":"scroll","background-type":"","background-media":"","overlay-type":"","overlay-color":"","overlay-opacity":"","overlay-gradient":""},"tablet":{"background-color":"","background-image":"","background-repeat":"repeat","background-position":"center center","background-size":"auto","background-attachment":"scroll","background-type":"","background-media":"","overlay-type":"","overlay-color":"","overlay-opacity":"","overlay-gradient":""},"mobile":{"background-color":"","background-image":"","background-repeat":"repeat","background-position":"center center","background-size":"auto","background-attachment":"scroll","background-type":"","background-media":"","overlay-type":"","overlay-color":"","overlay-opacity":"","overlay-gradient":""}},"ast-content-background-meta":{"desktop":{"background-color":"var(--ast-global-color-5)","background-image":"","background-repeat":"repeat","background-position":"center center","background-size":"auto","background-attachment":"scroll","background-type":"","background-media":"","overlay-type":"","overlay-color":"","overlay-opacity":"","overlay-gradient":""},"tablet":{"background-color":"var(--ast-global-color-5)","background-image":"","background-repeat":"repeat","background-position":"center center","background-size":"auto","background-attachment":"scroll","background-type":"","background-media":"","overlay-type":"","overlay-color":"","overlay-opacity":"","overlay-gradient":""},"mobile":{"background-color":"var(--ast-global-color-5)","background-image":"","background-repeat":"repeat","background-position":"center center","background-size":"auto","background-attachment":"scroll","background-type":"","background-media":"","overlay-type":"","overlay-color":"","overlay-opacity":"","overlay-gradient":""}},"footnotes":""},"class_list":["post-2504","page","type-page","status-publish","hentry"],"yoast_head":"<!-- This site is optimized with the Yoast SEO Premium plugin v20.11 (Yoast SEO v25.0) - https:\/\/yoast.com\/wordpress\/plugins\/seo\/ -->\n<title>ABOUT ME - javiertelopinta<\/title>\n<meta name=\"robots\" content=\"noindex, follow, max-snippet:-1, max-image-preview:large, max-video-preview:-1\" \/>\n<meta property=\"og:locale\" content=\"en_US\" \/>\n<meta property=\"og:type\" content=\"article\" \/>\n<meta property=\"og:title\" content=\"ABOUT ME\" \/>\n<meta property=\"og:description\" content=\"About Me I am Javier, I have stained many walls, since I started painting them in the late nineties, when I was 12 or 13 years old. Some years later, I began a degree in Fine Arts at the Complutense University of Madrid, and obtained different scholarships to study at the Universities of Granada, Utrecht [&hellip;]\" \/>\n<meta property=\"og:url\" content=\"https:\/\/javiertelopinta.com\/en\/about-me\/\" \/>\n<meta property=\"og:site_name\" content=\"javiertelopinta\" \/>\n<meta property=\"article:modified_time\" content=\"2025-05-05T12:25:13+00:00\" \/>\n<meta property=\"og:image\" content=\"https:\/\/javiertelopinta.com\/wp-content\/uploads\/elementor\/thumbs\/p1070497-qrfpcpbrhsye0gziswt0cfd60qaj2srqq2ilkt6mcg.jpg\" \/>\n<meta name=\"twitter:card\" content=\"summary_large_image\" \/>\n<meta name=\"twitter:label1\" content=\"Est. reading time\" \/>\n\t<meta name=\"twitter:data1\" content=\"1 minute\" \/>\n<script type=\"application\/ld+json\" class=\"yoast-schema-graph\">{\"@context\":\"https:\/\/schema.org\",\"@graph\":[{\"@type\":\"WebPage\",\"@id\":\"https:\/\/javiertelopinta.com\/en\/about-me\/\",\"url\":\"https:\/\/javiertelopinta.com\/en\/about-me\/\",\"name\":\"ABOUT ME - javiertelopinta\",\"isPartOf\":{\"@id\":\"https:\/\/javiertelopinta.com\/#website\"},\"primaryImageOfPage\":{\"@id\":\"https:\/\/javiertelopinta.com\/en\/about-me\/#primaryimage\"},\"image\":{\"@id\":\"https:\/\/javiertelopinta.com\/en\/about-me\/#primaryimage\"},\"thumbnailUrl\":\"https:\/\/javiertelopinta.com\/wp-content\/uploads\/elementor\/thumbs\/p1070497-qrfpcpbrhsye0gziswt0cfd60qaj2srqq2ilkt6mcg.jpg\",\"datePublished\":\"2024-07-19T13:50:07+00:00\",\"dateModified\":\"2025-05-05T12:25:13+00:00\",\"breadcrumb\":{\"@id\":\"https:\/\/javiertelopinta.com\/en\/about-me\/#breadcrumb\"},\"inLanguage\":\"en-US\",\"potentialAction\":[{\"@type\":\"ReadAction\",\"target\":[\"https:\/\/javiertelopinta.com\/en\/about-me\/\"]}]},{\"@type\":\"ImageObject\",\"inLanguage\":\"en-US\",\"@id\":\"https:\/\/javiertelopinta.com\/en\/about-me\/#primaryimage\",\"url\":\"https:\/\/javiertelopinta.com\/wp-content\/uploads\/elementor\/thumbs\/p1070497-qrfpcpbrhsye0gziswt0cfd60qaj2srqq2ilkt6mcg.jpg\",\"contentUrl\":\"https:\/\/javiertelopinta.com\/wp-content\/uploads\/elementor\/thumbs\/p1070497-qrfpcpbrhsye0gziswt0cfd60qaj2srqq2ilkt6mcg.jpg\"},{\"@type\":\"BreadcrumbList\",\"@id\":\"https:\/\/javiertelopinta.com\/en\/about-me\/#breadcrumb\",\"itemListElement\":[{\"@type\":\"ListItem\",\"position\":1,\"name\":\"Portada\",\"item\":\"https:\/\/javiertelopinta.com\/en\/beginning\/\"},{\"@type\":\"ListItem\",\"position\":2,\"name\":\"ABOUT ME\"}]},{\"@type\":\"WebSite\",\"@id\":\"https:\/\/javiertelopinta.com\/#website\",\"url\":\"https:\/\/javiertelopinta.com\/\",\"name\":\"javiertelopinta\",\"description\":\"\",\"potentialAction\":[{\"@type\":\"SearchAction\",\"target\":{\"@type\":\"EntryPoint\",\"urlTemplate\":\"https:\/\/javiertelopinta.com\/?s={search_term_string}\"},\"query-input\":{\"@type\":\"PropertyValueSpecification\",\"valueRequired\":true,\"valueName\":\"search_term_string\"}}],\"inLanguage\":\"en-US\"}]}<\/script>\n<!-- \/ Yoast SEO Premium plugin. -->","yoast_head_json":{"title":"ABOUT ME - javiertelopinta","robots":{"index":"noindex","follow":"follow","max-snippet":"max-snippet:-1","max-image-preview":"max-image-preview:large","max-video-preview":"max-video-preview:-1"},"og_locale":"en_US","og_type":"article","og_title":"ABOUT ME","og_description":"About Me I am Javier, I have stained many walls, since I started painting them in the late nineties, when I was 12 or 13 years old. Some years later, I began a degree in Fine Arts at the Complutense University of Madrid, and obtained different scholarships to study at the Universities of Granada, Utrecht [&hellip;]","og_url":"https:\/\/javiertelopinta.com\/en\/about-me\/","og_site_name":"javiertelopinta","article_modified_time":"2025-05-05T12:25:13+00:00","og_image":[{"url":"https:\/\/javiertelopinta.com\/wp-content\/uploads\/elementor\/thumbs\/p1070497-qrfpcpbrhsye0gziswt0cfd60qaj2srqq2ilkt6mcg.jpg","type":"","width":"","height":""}],"twitter_card":"summary_large_image","twitter_misc":{"Est. reading time":"1 minute"},"schema":{"@context":"https:\/\/schema.org","@graph":[{"@type":"WebPage","@id":"https:\/\/javiertelopinta.com\/en\/about-me\/","url":"https:\/\/javiertelopinta.com\/en\/about-me\/","name":"ABOUT ME - javiertelopinta","isPartOf":{"@id":"https:\/\/javiertelopinta.com\/#website"},"primaryImageOfPage":{"@id":"https:\/\/javiertelopinta.com\/en\/about-me\/#primaryimage"},"image":{"@id":"https:\/\/javiertelopinta.com\/en\/about-me\/#primaryimage"},"thumbnailUrl":"https:\/\/javiertelopinta.com\/wp-content\/uploads\/elementor\/thumbs\/p1070497-qrfpcpbrhsye0gziswt0cfd60qaj2srqq2ilkt6mcg.jpg","datePublished":"2024-07-19T13:50:07+00:00","dateModified":"2025-05-05T12:25:13+00:00","breadcrumb":{"@id":"https:\/\/javiertelopinta.com\/en\/about-me\/#breadcrumb"},"inLanguage":"en-US","potentialAction":[{"@type":"ReadAction","target":["https:\/\/javiertelopinta.com\/en\/about-me\/"]}]},{"@type":"ImageObject","inLanguage":"en-US","@id":"https:\/\/javiertelopinta.com\/en\/about-me\/#primaryimage","url":"https:\/\/javiertelopinta.com\/wp-content\/uploads\/elementor\/thumbs\/p1070497-qrfpcpbrhsye0gziswt0cfd60qaj2srqq2ilkt6mcg.jpg","contentUrl":"https:\/\/javiertelopinta.com\/wp-content\/uploads\/elementor\/thumbs\/p1070497-qrfpcpbrhsye0gziswt0cfd60qaj2srqq2ilkt6mcg.jpg"},{"@type":"BreadcrumbList","@id":"https:\/\/javiertelopinta.com\/en\/about-me\/#breadcrumb","itemListElement":[{"@type":"ListItem","position":1,"name":"Portada","item":"https:\/\/javiertelopinta.com\/en\/beginning\/"},{"@type":"ListItem","position":2,"name":"ABOUT ME"}]},{"@type":"WebSite","@id":"https:\/\/javiertelopinta.com\/#website","url":"https:\/\/javiertelopinta.com\/","name":"javiertelopinta","description":"","potentialAction":[{"@type":"SearchAction","target":{"@type":"EntryPoint","urlTemplate":"https:\/\/javiertelopinta.com\/?s={search_term_string}"},"query-input":{"@type":"PropertyValueSpecification","valueRequired":true,"valueName":"search_term_string"}}],"inLanguage":"en-US"}]}},"_links":{"self":[{"href":"https:\/\/javiertelopinta.com\/en\/wp-json\/wp\/v2\/pages\/2504","targetHints":{"allow":["GET"]}}],"collection":[{"href":"https:\/\/javiertelopinta.com\/en\/wp-json\/wp\/v2\/pages"}],"about":[{"href":"https:\/\/javiertelopinta.com\/en\/wp-json\/wp\/v2\/types\/page"}],"author":[{"embeddable":true,"href":"https:\/\/javiertelopinta.com\/en\/wp-json\/wp\/v2\/users\/4"}],"replies":[{"embeddable":true,"href":"https:\/\/javiertelopinta.com\/en\/wp-json\/wp\/v2\/comments?post=2504"}],"version-history":[{"count":1,"href":"https:\/\/javiertelopinta.com\/en\/wp-json\/wp\/v2\/pages\/2504\/revisions"}],"predecessor-version":[{"id":2506,"href":"https:\/\/javiertelopinta.com\/en\/wp-json\/wp\/v2\/pages\/2504\/revisions\/2506"}],"wp:attachment":[{"href":"https:\/\/javiertelopinta.com\/en\/wp-json\/wp\/v2\/media?parent=2504"}],"curies":[{"name":"wp","href":"https:\/\/api.w.org\/{rel}","templated":true}]}}